{"id":175239,"date":"2023-03-06T08:15:49","date_gmt":"2023-03-06T08:15:49","guid":{"rendered":"https:\/\/morenoschmidt.com\/your-data-secure\/"},"modified":"2025-11-06T12:41:54","modified_gmt":"2025-11-06T12:41:54","slug":"your-data-secure","status":"publish","type":"page","link":"https:\/\/morenoschmidt.com\/en\/your-data-secure\/","title":{"rendered":"Your data secure"},"content":{"rendered":"\t\t<div data-elementor-type=\"wp-page\" data-elementor-id=\"175239\" class=\"elementor elementor-175239 elementor-376\" data-elementor-post-type=\"page\">\n\t\t\t\t<div class=\"elementor-element elementor-element-15d24a9 e-flex e-con-boxed e-con e-parent\" data-id=\"15d24a9\" data-element_type=\"container\" data-e-type=\"container\">\n\t\t\t\t\t<div class=\"e-con-inner\">\n\t\t\t\t<div class=\"elementor-element elementor-element-a463381 elementor-widget elementor-widget-heading\" data-id=\"a463381\" data-element_type=\"widget\" data-e-type=\"widget\" data-widget_type=\"heading.default\">\n\t\t\t\t<div class=\"elementor-widget-container\">\n\t\t\t\t\t<h1 class=\"elementor-heading-title elementor-size-default\">Your data secure<\/h1>\t\t\t\t<\/div>\n\t\t\t\t<\/div>\n\t\t<div class=\"elementor-element elementor-element-fde0a8f e-flex e-con-boxed e-con e-parent\" data-id=\"fde0a8f\" data-element_type=\"container\" data-e-type=\"container\">\n\t\t\t\t\t<div class=\"e-con-inner\">\n\t\t\t\t<div class=\"elementor-element elementor-element-a4f5496 elementor-widget elementor-widget-heading\" data-id=\"a4f5496\" data-element_type=\"widget\" data-e-type=\"widget\" data-widget_type=\"heading.default\">\n\t\t\t\t<div class=\"elementor-widget-container\">\n\t\t\t\t\t<h2 class=\"elementor-heading-title elementor-size-default\">Information in compliance with personal data protection regulations<\/h2>\t\t\t\t<\/div>\n\t\t\t\t<\/div>\n\t\t\t\t<div class=\"elementor-element elementor-element-f1221c0 elementor-widget elementor-widget-text-editor\" data-id=\"f1221c0\" data-element_type=\"widget\" data-e-type=\"widget\" data-widget_type=\"text-editor.default\">\n\t\t\t\t<div class=\"elementor-widget-container\">\n\t\t\t\t\t\t\t\t\t<p>In Europe and in Spain there are Data Protection regulations designed to protect your personal information, which our organization is legally obligated to comply with.<\/p><p>Therefore, it is very important to us that you fully understand what we will do with the personal data we request from you. In this way, we will be transparent and give you control over your data, using simple language and clear options that will allow you to decide what we do with your personal information. <\/p><p>Please, if you have any questions after reading this information, do not hesitate to ask us.<\/p><p>Thank you very much for your cooperation.<\/p>\t\t\t\t\t\t\t\t<\/div>\n\t\t\t\t<\/div>\n\t\t\t\t\t<\/div>\n\t\t\t\t<\/div>\n\t\t<div class=\"elementor-element elementor-element-855cc87 e-flex e-con-boxed e-con e-parent\" data-id=\"855cc87\" data-element_type=\"container\" data-e-type=\"container\">\n\t\t\t\t\t<div class=\"e-con-inner\">\n\t\t\t\t<div class=\"elementor-element elementor-element-6282471 elementor-widget elementor-widget-heading\" data-id=\"6282471\" data-element_type=\"widget\" data-e-type=\"widget\" data-widget_type=\"heading.default\">\n\t\t\t\t<div class=\"elementor-widget-container\">\n\t\t\t\t\t<h2 class=\"elementor-heading-title elementor-size-default\">Who are we?<\/h2>\t\t\t\t<\/div>\n\t\t\t\t<\/div>\n\t\t\t\t<div class=\"elementor-element elementor-element-3609f3a elementor-widget elementor-widget-text-editor\" data-id=\"3609f3a\" data-element_type=\"widget\" data-e-type=\"widget\" data-widget_type=\"text-editor.default\">\n\t\t\t\t<div class=\"elementor-widget-container\">\n\t\t\t\t\t\t\t\t\t<p>Denomination: <strong>MORENO SCHMIDT, SL<\/strong><br>CIF \/ NIF: <strong> B53667812<\/strong><br>Main Activity: <strong>Inmobiliaria<\/strong><br>Direcction: <strong>Avda. Miguel de Cervantes, 77 Local 1, CP 03189, Dehesa de Campoamor (Alicante) <\/strong><br>Phone: <strong>965 322 620<\/strong><br>Email address: <strong>matthias@morenoschmidt.com<\/strong><br>Web Address: <strong>www.morenoschmidt.com<\/strong><br>We inform you that we are an entity registered in the following Commercial Registry \/Public Registry::Registered in the Commercial Registry of Alicante, book 0, folio 49, section 8, sheet A707442.<\/p><p>We are at your service, please do not hesitate to contact us.<\/p>\t\t\t\t\t\t\t\t<\/div>\n\t\t\t\t<\/div>\n\t\t\t\t\t<\/div>\n\t\t\t\t<\/div>\n\t\t<div class=\"elementor-element elementor-element-f287e20 e-flex e-con-boxed e-con e-parent\" data-id=\"f287e20\" data-element_type=\"container\" data-e-type=\"container\">\n\t\t\t\t\t<div class=\"e-con-inner\">\n\t\t\t\t<div class=\"elementor-element elementor-element-24d2aa2 elementor-widget elementor-widget-heading\" data-id=\"24d2aa2\" data-element_type=\"widget\" data-e-type=\"widget\" data-widget_type=\"heading.default\">\n\t\t\t\t<div class=\"elementor-widget-container\">\n\t\t\t\t\t<h2 class=\"elementor-heading-title elementor-size-default\">What will we use your data for?<\/h2>\t\t\t\t<\/div>\n\t\t\t\t<\/div>\n\t\t\t\t<div class=\"elementor-element elementor-element-d10f8c0 elementor-widget elementor-widget-text-editor\" data-id=\"d10f8c0\" data-element_type=\"widget\" data-e-type=\"widget\" data-widget_type=\"text-editor.default\">\n\t\t\t\t<div class=\"elementor-widget-container\">\n\t\t\t\t\t\t\t\t\t<p>In general, your personal data will be used to communicate with you and provide you with our services.<\/p><p>They may also be used for other activities, such as sending you advertising or promoting our activities, with your prior consent.<\/p>\t\t\t\t\t\t\t\t<\/div>\n\t\t\t\t<\/div>\n\t\t\t\t\t<\/div>\n\t\t\t\t<\/div>\n\t\t<div class=\"elementor-element elementor-element-31e2121 e-flex e-con-boxed e-con e-parent\" data-id=\"31e2121\" data-element_type=\"container\" data-e-type=\"container\">\n\t\t\t\t\t<div class=\"e-con-inner\">\n\t\t\t\t<div class=\"elementor-element elementor-element-bf65b6c elementor-widget elementor-widget-heading\" data-id=\"bf65b6c\" data-element_type=\"widget\" data-e-type=\"widget\" data-widget_type=\"heading.default\">\n\t\t\t\t<div class=\"elementor-widget-container\">\n\t\t\t\t\t<h2 class=\"elementor-heading-title elementor-size-default\">Why do we need to use your data?<\/h2>\t\t\t\t<\/div>\n\t\t\t\t<\/div>\n\t\t\t\t<div class=\"elementor-element elementor-element-6699b3d elementor-widget elementor-widget-text-editor\" data-id=\"6699b3d\" data-element_type=\"widget\" data-e-type=\"widget\" data-widget_type=\"text-editor.default\">\n\t\t\t\t<div class=\"elementor-widget-container\">\n\t\t\t\t\t\t\t\t\t<p>Your personal data is necessary for us to communicate with you and provide our services. To this end, we will provide you with a series of checkboxes that will allow you to clearly and easily decide how your personal information is used. <\/p>\t\t\t\t\t\t\t\t<\/div>\n\t\t\t\t<\/div>\n\t\t\t\t\t<\/div>\n\t\t\t\t<\/div>\n\t\t<div class=\"elementor-element elementor-element-d00f198 e-flex e-con-boxed e-con e-parent\" data-id=\"d00f198\" data-element_type=\"container\" data-e-type=\"container\">\n\t\t\t\t\t<div class=\"e-con-inner\">\n\t\t\t\t<div class=\"elementor-element elementor-element-61ff898 elementor-widget elementor-widget-heading\" data-id=\"61ff898\" data-element_type=\"widget\" data-e-type=\"widget\" data-widget_type=\"heading.default\">\n\t\t\t\t<div class=\"elementor-widget-container\">\n\t\t\t\t\t<h2 class=\"elementor-heading-title elementor-size-default\">Who will know the information we're asking for?<\/h2>\t\t\t\t<\/div>\n\t\t\t\t<\/div>\n\t\t\t\t<div class=\"elementor-element elementor-element-1cf3235 elementor-widget elementor-widget-text-editor\" data-id=\"1cf3235\" data-element_type=\"widget\" data-e-type=\"widget\" data-widget_type=\"text-editor.default\">\n\t\t\t\t<div class=\"elementor-widget-container\">\n\t\t\t\t\t\t\t\t\t<p>Generally speaking, only duly authorized personnel from our organization will have access to the information we request.<\/p><p>Similarly, your personal information may be shared with entities that need access to it in order for us to provide our services. For example, our bank will have access to your information if you pay for our services by card or bank transfer. <\/p><p>Likewise, your information will be shared with public or private entities to whom we are legally obligated to provide your personal data. For example, tax law requires us to provide the Tax Agency with certain information about financial transactions exceeding a specific amount. <\/p><p>In the event that, apart from the aforementioned scenarios, we need to disclose your personal information to other entities, we will request your permission beforehand through clear options that will allow you to decide in this regard.<\/p>\t\t\t\t\t\t\t\t<\/div>\n\t\t\t\t<\/div>\n\t\t\t\t\t<\/div>\n\t\t\t\t<\/div>\n\t\t<div class=\"elementor-element elementor-element-b0c23f6 e-flex e-con-boxed e-con e-parent\" data-id=\"b0c23f6\" data-element_type=\"container\" data-e-type=\"container\">\n\t\t\t\t\t<div class=\"e-con-inner\">\n\t\t\t\t<div class=\"elementor-element elementor-element-7c7567a elementor-widget elementor-widget-heading\" data-id=\"7c7567a\" data-element_type=\"widget\" data-e-type=\"widget\" data-widget_type=\"heading.default\">\n\t\t\t\t<div class=\"elementor-widget-container\">\n\t\t\t\t\t<h2 class=\"elementor-heading-title elementor-size-default\">How will we protect your data?<\/h2>\t\t\t\t<\/div>\n\t\t\t\t<\/div>\n\t\t\t\t<div class=\"elementor-element elementor-element-260c21d elementor-widget elementor-widget-text-editor\" data-id=\"260c21d\" data-element_type=\"widget\" data-e-type=\"widget\" data-widget_type=\"text-editor.default\">\n\t\t\t\t<div class=\"elementor-widget-container\">\n\t\t\t\t\t\t\t\t\t<p>We will protect your data with effective security measures based on the risks involved in the use of your information.<\/p><p>To this end, our organization has approved a Data Protection Policy and carries out annual controls and audits to verify that your personal data is secure at all times.<\/p>\t\t\t\t\t\t\t\t<\/div>\n\t\t\t\t<\/div>\n\t\t\t\t\t<\/div>\n\t\t\t\t<\/div>\n\t\t<div class=\"elementor-element elementor-element-b90175a e-flex e-con-boxed e-con e-parent\" data-id=\"b90175a\" data-element_type=\"container\" data-e-type=\"container\">\n\t\t\t\t\t<div class=\"e-con-inner\">\n\t\t\t\t<div class=\"elementor-element elementor-element-6a13ef3 elementor-widget elementor-widget-heading\" data-id=\"6a13ef3\" data-element_type=\"widget\" data-e-type=\"widget\" data-widget_type=\"heading.default\">\n\t\t\t\t<div class=\"elementor-widget-container\">\n\t\t\t\t\t<h2 class=\"elementor-heading-title elementor-size-default\">Will we send your data to other countries?<\/h2>\t\t\t\t<\/div>\n\t\t\t\t<\/div>\n\t\t\t\t<div class=\"elementor-element elementor-element-740d4d4 elementor-widget elementor-widget-text-editor\" data-id=\"740d4d4\" data-element_type=\"widget\" data-e-type=\"widget\" data-widget_type=\"text-editor.default\">\n\t\t\t\t<div class=\"elementor-widget-container\">\n\t\t\t\t\t\t\t\t\t<p>Some countries in the world are safe for your data, while others are not. For example, the European Union is a safe environment for your data. Our policy is not to send your personal information to any country that is not considered safe from a data protection standpoint.  <\/p><p>If, in order to provide you with the service, it becomes necessary to send your data to a country that is not as secure as Spain, we will always ask for your permission beforehand and apply effective security measures to reduce the risks of sending your personal information to another country.<\/p>\t\t\t\t\t\t\t\t<\/div>\n\t\t\t\t<\/div>\n\t\t\t\t\t<\/div>\n\t\t\t\t<\/div>\n\t\t<div class=\"elementor-element elementor-element-4fcbd44 e-flex e-con-boxed e-con e-parent\" data-id=\"4fcbd44\" data-element_type=\"container\" data-e-type=\"container\">\n\t\t\t\t\t<div class=\"e-con-inner\">\n\t\t\t\t<div class=\"elementor-element elementor-element-e49abd6 elementor-widget elementor-widget-heading\" data-id=\"e49abd6\" data-element_type=\"widget\" data-e-type=\"widget\" data-widget_type=\"heading.default\">\n\t\t\t\t<div class=\"elementor-widget-container\">\n\t\t\t\t\t<h2 class=\"elementor-heading-title elementor-size-default\">How long will we keep your data?<\/h2>\t\t\t\t<\/div>\n\t\t\t\t<\/div>\n\t\t\t\t<div class=\"elementor-element elementor-element-dd492ae elementor-widget elementor-widget-text-editor\" data-id=\"dd492ae\" data-element_type=\"widget\" data-e-type=\"widget\" data-widget_type=\"text-editor.default\">\n\t\t\t\t<div class=\"elementor-widget-container\">\n\t\t\t\t\t\t\t\t\t<p>We will retain your data for the duration of our relationship and as long as required by law. Once the applicable legal retention periods have expired, we will securely and responsibly delete your data. <\/p>\t\t\t\t\t\t\t\t<\/div>\n\t\t\t\t<\/div>\n\t\t\t\t\t<\/div>\n\t\t\t\t<\/div>\n\t\t<div class=\"elementor-element elementor-element-4f8c2cd e-flex e-con-boxed e-con e-parent\" data-id=\"4f8c2cd\" data-element_type=\"container\" data-e-type=\"container\">\n\t\t\t\t\t<div class=\"e-con-inner\">\n\t\t\t\t<div class=\"elementor-element elementor-element-c7c842e elementor-widget elementor-widget-heading\" data-id=\"c7c842e\" data-element_type=\"widget\" data-e-type=\"widget\" data-widget_type=\"heading.default\">\n\t\t\t\t<div class=\"elementor-widget-container\">\n\t\t\t\t\t<h2 class=\"elementor-heading-title elementor-size-default\">What are your data protection rights?<\/h2>\t\t\t\t<\/div>\n\t\t\t\t<\/div>\n\t\t\t\t<div class=\"elementor-element elementor-element-ce0f8a8 elementor-widget elementor-widget-text-editor\" data-id=\"ce0f8a8\" data-element_type=\"widget\" data-e-type=\"widget\" data-widget_type=\"text-editor.default\">\n\t\t\t\t<div class=\"elementor-widget-container\">\n\t\t\t\t\t\t\t\t\t<p>You can contact us at any time to find out what information we have about you, correct it if it is incorrect, and delete it once our relationship has ended, if legally possible.<\/p><p>You also have the right to request the transfer of your information to another entity. This right is called &#8220;data portability&#8221; and can be useful in certain situations. <\/p><p>To request any of these rights, you must submit a written request to our address, along with a photocopy of your ID card, so that we can identify you.<\/p><p>In our organization&#8217;s offices we have specific forms to request these rights and we offer our help in completing them.<\/p><p>To learn more about your data protection rights, you can consult the website of the Spanish Data Protection Agency (www.aepd.es).<\/p>\t\t\t\t\t\t\t\t<\/div>\n\t\t\t\t<\/div>\n\t\t\t\t\t<\/div>\n\t\t\t\t<\/div>\n\t\t<div class=\"elementor-element elementor-element-8917baa e-flex e-con-boxed e-con e-parent\" data-id=\"8917baa\" data-element_type=\"container\" data-e-type=\"container\">\n\t\t\t\t\t<div class=\"e-con-inner\">\n\t\t\t\t<div class=\"elementor-element elementor-element-0159c73 elementor-widget elementor-widget-heading\" data-id=\"0159c73\" data-element_type=\"widget\" data-e-type=\"widget\" data-widget_type=\"heading.default\">\n\t\t\t\t<div class=\"elementor-widget-container\">\n\t\t\t\t\t<h2 class=\"elementor-heading-title elementor-size-default\">Can you withdraw your consent if you change your mind at a later time?<\/h2>\t\t\t\t<\/div>\n\t\t\t\t<\/div>\n\t\t\t\t<div class=\"elementor-element elementor-element-14bf413 elementor-widget elementor-widget-text-editor\" data-id=\"14bf413\" data-element_type=\"widget\" data-e-type=\"widget\" data-widget_type=\"text-editor.default\">\n\t\t\t\t<div class=\"elementor-widget-container\">\n\t\t\t\t\t\t\t\t\t<p>You can withdraw your consent if you change your mind about the use of your data at any time.<\/p><p>As\u00ed por ejemplo, si usted en su d\u00eda estuvo interesado\/a en recibir publicidad de nuestros productos o servicios, pero ya no desea recibir m\u00e1s publicidad, puede hac\u00e9rnoslo constar a trav\u00e9s del formulario de oposici\u00f3n al tratamiento disponible en las oficinas de nuestra entidad.<\/p>\t\t\t\t\t\t\t\t<\/div>\n\t\t\t\t<\/div>\n\t\t\t\t\t<\/div>\n\t\t\t\t<\/div>\n\t\t<div class=\"elementor-element elementor-element-5731903 e-flex e-con-boxed e-con e-parent\" data-id=\"5731903\" data-element_type=\"container\" data-e-type=\"container\">\n\t\t\t\t\t<div class=\"e-con-inner\">\n\t\t\t\t<div class=\"elementor-element elementor-element-f7eaabf elementor-widget elementor-widget-heading\" data-id=\"f7eaabf\" data-element_type=\"widget\" data-e-type=\"widget\" data-widget_type=\"heading.default\">\n\t\t\t\t<div class=\"elementor-widget-container\">\n\t\t\t\t\t<h2 class=\"elementor-heading-title elementor-size-default\">If you believe your rights have been violated, where can you file a complaint?<\/h2>\t\t\t\t<\/div>\n\t\t\t\t<\/div>\n\t\t\t\t<div class=\"elementor-element elementor-element-8f04505 elementor-widget elementor-widget-text-editor\" data-id=\"8f04505\" data-element_type=\"widget\" data-e-type=\"widget\" data-widget_type=\"text-editor.default\">\n\t\t\t\t<div class=\"elementor-widget-container\">\n\t\t\t\t\t\t\t\t\t<p>If you believe that your rights have been disregarded by our organization, you may file a complaint with the Spanish Data Protection Agency through one of the following means:<\/p><p>-Web: www.aepd.es<br>-Spanish Data Protection Agency C\/ Jorge Juan, 6, 28001-Madrid<br>-Telf. 901 100 099 \u2013 Telf.  91 266 35 17<\/p><p>Filing a complaint with the Spanish Data Protection Agency is free of charge and does not require the assistance of a lawyer or solicitor.<\/p>\t\t\t\t\t\t\t\t<\/div>\n\t\t\t\t<\/div>\n\t\t\t\t\t<\/div>\n\t\t\t\t<\/div>\n\t\t<div class=\"elementor-element elementor-element-5a09791 e-flex e-con-boxed e-con e-parent\" data-id=\"5a09791\" data-element_type=\"container\" data-e-type=\"container\">\n\t\t\t\t\t<div class=\"e-con-inner\">\n\t\t\t\t<div class=\"elementor-element elementor-element-0a87121 elementor-widget elementor-widget-heading\" data-id=\"0a87121\" data-element_type=\"widget\" data-e-type=\"widget\" data-widget_type=\"heading.default\">\n\t\t\t\t<div class=\"elementor-widget-container\">\n\t\t\t\t\t<h2 class=\"elementor-heading-title elementor-size-default\">Will we create profiles about you?<\/h2>\t\t\t\t<\/div>\n\t\t\t\t<\/div>\n\t\t\t\t<div class=\"elementor-element elementor-element-63db1a6 elementor-widget elementor-widget-text-editor\" data-id=\"63db1a6\" data-element_type=\"widget\" data-e-type=\"widget\" data-widget_type=\"text-editor.default\">\n\t\t\t\t<div class=\"elementor-widget-container\">\n\t\t\t\t\t\t\t\t\t<p>Our policy is not to create profiles of our service users.<\/p><p>However, there may be situations where, for service provision, commercial, or other purposes, we need to create information profiles about you. An example would be using your purchase or service history to offer you products or services tailored to your tastes or needs. <\/p><p>In such cases, we apply effective security measures that protect your information at all times from unauthorized persons who might try to use it for their own benefit.<\/p>\t\t\t\t\t\t\t\t<\/div>\n\t\t\t\t<\/div>\n\t\t\t\t\t<\/div>\n\t\t\t\t<\/div>\n\t\t<div class=\"elementor-element elementor-element-05b4f0b e-flex e-con-boxed e-con e-parent\" data-id=\"05b4f0b\" data-element_type=\"container\" data-e-type=\"container\">\n\t\t\t\t\t<div class=\"e-con-inner\">\n\t\t\t\t<div class=\"elementor-element elementor-element-516a00d elementor-widget elementor-widget-heading\" data-id=\"516a00d\" data-element_type=\"widget\" data-e-type=\"widget\" data-widget_type=\"heading.default\">\n\t\t\t\t<div class=\"elementor-widget-container\">\n\t\t\t\t\t<h2 class=\"elementor-heading-title elementor-size-default\">Will we use your data for other purposes?<\/h2>\t\t\t\t<\/div>\n\t\t\t\t<\/div>\n\t\t\t\t<div class=\"elementor-element elementor-element-5b3a741 elementor-widget elementor-widget-text-editor\" data-id=\"5b3a741\" data-element_type=\"widget\" data-e-type=\"widget\" data-widget_type=\"text-editor.default\">\n\t\t\t\t<div class=\"elementor-widget-container\">\n\t\t\t\t\t\t\t\t\t<p>Our policy is not to use your data for any purposes other than those we have explained to you. If, however, we need to use your data for other activities, we will always ask for your permission beforehand through clear options that will allow you to decide. <\/p>\t\t\t\t\t\t\t\t<\/div>\n\t\t\t\t<\/div>\n\t\t\t\t\t<\/div>\n\t\t\t\t<\/div>\n\t\t\t\t\t<\/div>\n\t\t\t\t<\/div>\n\t\t\t\t<\/div>\n\t\t","protected":false},"excerpt":{"rendered":"<p>Your data secure Information in compliance with personal data protection regulations In Europe and in Spain there are Data Protection regulations designed to protect your personal information, which our organization is legally obligated to comply with. Therefore, it is very important to us that you fully understand what we will do with the personal data&hellip;<\/p>\n","protected":false},"author":1,"featured_media":0,"parent":0,"menu_order":0,"comment_status":"closed","ping_status":"closed","template":"elementor_header_footer","meta":{"_seopress_robots_primary_cat":"","_seopress_titles_title":"","_seopress_titles_desc":"","_seopress_robots_index":"","footnotes":""},"class_list":["post-175239","page","type-page","status-publish","hentry"],"_links":{"self":[{"href":"https:\/\/morenoschmidt.com\/en\/wp-json\/wp\/v2\/pages\/175239","targetHints":{"allow":["GET"]}}],"collection":[{"href":"https:\/\/morenoschmidt.com\/en\/wp-json\/wp\/v2\/pages"}],"about":[{"href":"https:\/\/morenoschmidt.com\/en\/wp-json\/wp\/v2\/types\/page"}],"author":[{"embeddable":true,"href":"https:\/\/morenoschmidt.com\/en\/wp-json\/wp\/v2\/users\/1"}],"replies":[{"embeddable":true,"href":"https:\/\/morenoschmidt.com\/en\/wp-json\/wp\/v2\/comments?post=175239"}],"version-history":[{"count":0,"href":"https:\/\/morenoschmidt.com\/en\/wp-json\/wp\/v2\/pages\/175239\/revisions"}],"wp:attachment":[{"href":"https:\/\/morenoschmidt.com\/en\/wp-json\/wp\/v2\/media?parent=175239"}],"curies":[{"name":"wp","href":"https:\/\/api.w.org\/{rel}","templated":true}]}}